{"id":878,"date":"2016-12-15T10:42:48","date_gmt":"2016-12-15T10:42:48","guid":{"rendered":"http:\/\/bkeli.com\/index.php\/dup-le-secret-pour-batir-des-reussites-perennes\/"},"modified":"2017-02-06T13:09:24","modified_gmt":"2017-02-06T13:09:24","slug":"cadeaudespagesdu-secret-pour-btir-des-russites-prennes","status":"publish","type":"page","link":"https:\/\/bkeli.com\/index.php\/cadeaudespagesdu-secret-pour-btir-des-russites-prennes\/","title":{"rendered":"cadeau des pages du Secret pour b\u00e2tir des r\u00e9ussites p\u00e9rennes"},"content":{"rendered":"","protected":false},"excerpt":{"rendered":"","protected":false},"author":2,"featured_media":0,"parent":0,"menu_order":0,"comment_status":"open","ping_status":"closed","template":"","meta":{"footnotes":""},"class_list":["post-878","page","type-page","status-publish","hentry"],"_links":{"self":[{"href":"https:\/\/bkeli.com\/index.php\/wp-json\/wp\/v2\/pages\/878","targetHints":{"allow":["GET"]}}],"collection":[{"href":"https:\/\/bkeli.com\/index.php\/wp-json\/wp\/v2\/pages"}],"about":[{"href":"https:\/\/bkeli.com\/index.php\/wp-json\/wp\/v2\/types\/page"}],"author":[{"embeddable":true,"href":"https:\/\/bkeli.com\/index.php\/wp-json\/wp\/v2\/users\/2"}],"replies":[{"embeddable":true,"href":"https:\/\/bkeli.com\/index.php\/wp-json\/wp\/v2\/comments?post=878"}],"version-history":[{"count":15,"href":"https:\/\/bkeli.com\/index.php\/wp-json\/wp\/v2\/pages\/878\/revisions"}],"predecessor-version":[{"id":900,"href":"https:\/\/bkeli.com\/index.php\/wp-json\/wp\/v2\/pages\/878\/revisions\/900"}],"wp:attachment":[{"href":"https:\/\/bkeli.com\/index.php\/wp-json\/wp\/v2\/media?parent=878"}],"curies":[{"name":"wp","href":"https:\/\/api.w.org\/{rel}","templated":true}]}}