{"id":46,"date":"2016-05-16T12:21:58","date_gmt":"2016-05-16T12:21:58","guid":{"rendered":"http:\/\/bkeli.com\/?page_id=46"},"modified":"2017-02-20T09:39:37","modified_gmt":"2017-02-20T09:39:37","slug":"temoignages","status":"publish","type":"page","link":"https:\/\/bkeli.com\/index.php\/temoignages\/","title":{"rendered":"TEMOIGNAGES"},"content":{"rendered":"<p>&nbsp;<\/p>\n<h1><strong>Bi lifestyle:<\/strong><\/h1>\n<h2>Ils t\u00e9moignent du travail de Bi<br \/>\n<em>Pour pr\u00e9server leur intimit\u00e9, plusieurs de nos clients conservent l\u2019anonymat<\/em><\/h2>\n<p><iframe loading=\"lazy\" src=\"https:\/\/www.youtube.com\/embed\/aqFrUznQEZg?feature=oembed\" width=\"700\" height=\"394\" frameborder=\"0\" allowfullscreen=\"allowfullscreen\"><\/iframe><\/p>\n<h1><\/h1>\n<h1><\/h1>\n<h2 style=\"text-align: center;\"><strong>Victoire sur le suicide,<\/strong><\/h2>\n<p style=\"text-align: center;\">La paix int\u00e9rieure retrouv\u00e9e<\/p>\n<p style=\"text-align: justify;\"><strong>Nous n\u2019\u00e9tions mari\u00e9s que depuis 2 ans que j\u2019exp\u00e9rimentais d\u00e9j\u00e0\u00a0 des probl\u00e8mes dans mon jeune couple\u00a0; proc\u00e9dure de divorce, d\u00e9pouillement financier et s\u00e9paration avec mon\u00a0 fils de 15 mois\u2026 autant de situations\u00a0 initi\u00e9es par mon \u00e9pouse.<\/strong><\/p>\n<p style=\"text-align: justify;\"><strong>\u00a0J\u2019ai perdu toute\u00a0 confiance en moi et en\u00a0 Dieu. J\u2019\u00e9tais d\u00e9sesp\u00e9r\u00e9 au point d\u2019avoir des id\u00e9es noires, je me sentais litt\u00e9ralement pouss\u00e9 au suicide.<\/strong><\/p>\n<p style=\"text-align: justify;\"><strong>Dieu n\u2019abandonnant pas ses enfants, c\u2019est \u00e0 ce moment-l\u00e0 que j\u2019ai rencontr\u00e9 B\u2019KELI qui a su me prendre en charge.<\/strong><\/p>\n<p><strong>\u00a0Gr\u00e2ce au travail des \u00e9quipes de B\u2019KELI\u00a0; les\u00a0 s\u00e9ances de d\u00e9livrance, les\u00a0 conseils\u00a0 et l\u2019accompagnement ,<\/strong><\/p>\n<p><strong>Je peux dire que j\u2019ai v\u00e9cu un double\u00a0 impact\u00a0:<\/strong><\/p>\n<p style=\"padding-left: 60px; text-align: justify;\"><strong>&#8211;\u00a0\u00a0\u00a0\u00a0\u00a0\u00a0\u00a0\u00a0\u00a0 \u00a0sur le plan personnel\u00a0; une transformation radicale de ma vie s\u2019est op\u00e9r\u00e9e\u00a0; mes nuits sont \u00a0paisibles, j\u2019ai retrouv\u00e9 mon assurance, ma\u00a0 paix int\u00e9rieure et je suis plus confiant quant\u00a0 aux lendemains meilleurs,<\/strong><\/p>\n<p style=\"padding-left: 60px; text-align: justify;\"><strong>&#8211;\u00a0\u00a0\u00a0\u00a0\u00a0\u00a0\u00a0\u00a0\u00a0 sur le plan relationnel\u00a0; mes relations sont\u00a0 plus sereines avec mon \u00e9pouse malgr\u00e9 la proc\u00e9dure de divorce qu\u2019elle a initi\u00e9e et qui est toujours en cours\u2026<\/strong><\/p>\n<p><img decoding=\"async\" src=\"http:\/\/bkeli.com\/wp-content\/uploads\/2016\/05\/man-1241951_1920.jpg\" alt=\"man-1241951_1920\" \/><\/p>\n<h1><\/h1>\n<p><img decoding=\"async\" src=\"http:\/\/bkeli.com\/wp-content\/uploads\/2016\/05\/Bien-etre-proph\u00e9tie-2.jpg\" alt=\"Bien etre proph\u00e9tie 2\" \/><\/p>\n<h2 style=\"text-align: center;\"><strong>Aujourd\u2019hui\u00a0: J\u2019avance\u00a0!<\/strong><\/h2>\n<p>Le contexte dans lequel cet accompagnement s&rsquo;inscrit est celui de situations difficiles sur les plans familial, professionnel\u00a0 et de la relation de couple.<\/p>\n<ul>\n<li style=\"text-align: justify;\">Sur le plan professionnel, je vivais un harc\u00e8lement moral, en grande partie \u00e0 l&rsquo;origine de ma perte de confiance.<\/li>\n<li style=\"text-align: justify;\">Sur le plan familial, la maladie avait touch\u00e9 gravement 3 membres de ma famille. J&rsquo;avais appris la tentative de suicide de ma m\u00e8re qui constituait ma r\u00e9f\u00e9rence voire, pour ainsi dire, mon idole et je subissais aussi, en raison d&rsquo;une haine et jalousie que me vouait ma s\u0153ur ain\u00e9e, un rejet de ma famille et une forte condamnation: sa maladie jouait \u00e0 son avantage et tout ce qu&rsquo;elle disait \u00e9tait parole d&rsquo;\u00e9vangile. Elle avait depuis 30 ans r\u00e9ussi \u00e0 m&rsquo;\u00e9carter de ma famille.<\/li>\n<li style=\"text-align: justify;\">Sur le plan du couple, mon compagnon et moi alternions des p\u00e9riodes de s\u00e9parations et r\u00e9conciliation: l\u2019incompr\u00e9hension, la difficult\u00e9 de communication \u00e9taient au centre de notre relation: venu sur Paris \u00e0 la p\u00e9riode du 11 septembre, le poids du ch\u00f4mage constituait pour lui un malaise et un fort sentiment de non accomplissement et d&rsquo;incapacit\u00e9 face \u00e0 ma stabilit\u00e9 socio-professionnelle (poste de RRH dans une grande structure). Sentiment accru par les facilit\u00e9s financi\u00e8res qui inversaient les positions dans le couple et l&rsquo;ont pouss\u00e9 \u00e0 rechercher \u00e0 l&rsquo;ext\u00e9rieur de la reconnaissance par une disponibilit\u00e9 aux autres sans limites aux d\u00e9pends de notre couple. Cela nous a amen\u00e9 \u00e0 rechercher ailleurs ce que l&rsquo;un ne pouvait donner \u00e0 l&rsquo;autre.<\/li>\n<\/ul>\n<p style=\"text-align: justify;\">La perte de confiance, de perspectives d&rsquo;avenir, de joie et d&rsquo;envie de vivre, l&rsquo;isolement familial,\u00a0 un fort sentiment de culpabilit\u00e9 m&rsquo;avaient plong\u00e9e dans un \u00e9tat de profonde tristesse int\u00e9rieure et d\u00e9ception que je masquais par une apparente joie de vivre et un faux bien-\u00eatre.<\/p>\n<p style=\"text-align: justify;\">L&rsquo;accompagnement a permis de lever les faux-semblants, de mettre des mots sur l&rsquo;\u00e9tat de mon \u00e2me et de parler franchement d&rsquo;un \u00e9tat de d\u00e9pression.<\/p>\n<p style=\"text-align: justify;\">Le travail effectu\u00e9 a lev\u00e9 la culpabilit\u00e9 et m\u2019a recentr\u00e9e sur ma v\u00e9ritable identit\u00e9.<\/p>\n<p style=\"text-align: justify;\">J&rsquo;ai pu surtout me d\u00e9tacher des idoles de ma vie (notamment ma m\u00e8re), amorcer une gu\u00e9rison face au sentiment de rejet et asseoir ma raison d&rsquo;exister ind\u00e9pendamment des autres et de leurs attentes.<\/p>\n<p>Au travers de cet accompagnement, j&rsquo;ai \u00e9galement acquis une capacit\u00e9 \u00e0 affronter diff\u00e9remment les situations de vie, une revalorisation de mon image et estime de soi (notamment en tant que femme); une\u00a0 \u00e9radication des peurs, des ins\u00e9curit\u00e9s, des mensonges et fausset\u00e9s, \u00a0un regard nouveau sur le couple et sur mon positionnement au sein du couple.<\/p>\n<p>Nous avons amorc\u00e9 une revalorisation des savoir-faire, identification et verbalisation des qualit\u00e9s, dons, talents et axes de travail<\/p>\n<p style=\"text-align: justify;\">Aujourd\u2019hui, gr\u00e2ce \u00e0 la vision du couple insuffl\u00e9e par cet accompagnement, mon couple est b\u00e2ti sur de bons fondements et je ne vis plus en concubinage mais en tant que femme mari\u00e9e sachant comment valoriser, communiquer et parler \u00e0 son \u00e9poux.<\/p>\n<p style=\"text-align: justify;\">Sur le plan familial, j&rsquo;ai pu lib\u00e9rer des pardons.<\/p>\n<p style=\"text-align: justify;\">Et, sur le plan professionnel, m\u00eame si ce fut un deuil de longue haleine, aujourd&rsquo;hui mon \u00e9poux et moi avons retrouv\u00e9 une stabilit\u00e9 professionnelle, lui permettant de trouver sa place dans le foyer.<br \/>\nL&rsquo;accompagnement a amorc\u00e9 le deuil professionnel et la volont\u00e9 d&rsquo;un repositionnement sur une activit\u00e9, un projet en montrant que l\u2019\u00e9chec n&rsquo;\u00e9tait pas une fatalit\u00e9 et que tout est possible avec de la volont\u00e9, une vision et un v\u00e9ritable projet.<\/p>\n","protected":false},"excerpt":{"rendered":"<p>&nbsp; Bi lifestyle: Ils t\u00e9moignent du travail de Bi Pour pr\u00e9server leur intimit\u00e9, plusieurs de nos clients conservent l\u2019anonymat Victoire sur le suicide, La paix int\u00e9rieure retrouv\u00e9e Nous n\u2019\u00e9tions mari\u00e9s que depuis 2 ans que j\u2019exp\u00e9rimentais d\u00e9j\u00e0\u00a0 des probl\u00e8mes dans mon jeune couple\u00a0; proc\u00e9dure de divorce, d\u00e9pouillement financier et s\u00e9paration avec mon\u00a0 fils de 15&#8230;<\/p>\n","protected":false},"author":2,"featured_media":0,"parent":0,"menu_order":0,"comment_status":"closed","ping_status":"closed","template":"full-width-page.php","meta":{"footnotes":""},"class_list":["post-46","page","type-page","status-publish","hentry"],"_links":{"self":[{"href":"https:\/\/bkeli.com\/index.php\/wp-json\/wp\/v2\/pages\/46","targetHints":{"allow":["GET"]}}],"collection":[{"href":"https:\/\/bkeli.com\/index.php\/wp-json\/wp\/v2\/pages"}],"about":[{"href":"https:\/\/bkeli.com\/index.php\/wp-json\/wp\/v2\/types\/page"}],"author":[{"embeddable":true,"href":"https:\/\/bkeli.com\/index.php\/wp-json\/wp\/v2\/users\/2"}],"replies":[{"embeddable":true,"href":"https:\/\/bkeli.com\/index.php\/wp-json\/wp\/v2\/comments?post=46"}],"version-history":[{"count":9,"href":"https:\/\/bkeli.com\/index.php\/wp-json\/wp\/v2\/pages\/46\/revisions"}],"predecessor-version":[{"id":1015,"href":"https:\/\/bkeli.com\/index.php\/wp-json\/wp\/v2\/pages\/46\/revisions\/1015"}],"wp:attachment":[{"href":"https:\/\/bkeli.com\/index.php\/wp-json\/wp\/v2\/media?parent=46"}],"curies":[{"name":"wp","href":"https:\/\/api.w.org\/{rel}","templated":true}]}}