{"id":44,"date":"2016-05-16T12:20:58","date_gmt":"2016-05-16T12:20:58","guid":{"rendered":"http:\/\/bkeli.com\/?page_id=44"},"modified":"2019-07-10T08:31:08","modified_gmt":"2019-07-10T08:31:08","slug":"evenements","status":"publish","type":"page","link":"https:\/\/bkeli.com\/index.php\/evenements\/","title":{"rendered":"EVENEMENTS"},"content":{"rendered":"<h2>Bi SHOWS <\/h2>\n<h4>VOUS PRESENTE<\/h4>\n\t<h4><strong>B&rsquo;KELI , l&rsquo;activateur de bonne humeur !<\/strong><strong>\u00a0<\/strong><\/h4>\n\t<h1><strong>B&rsquo;KELI , l&rsquo;activateur de bonne humeur !<\/strong><strong>\u00a0<\/strong><\/h1>\n\t<iframe loading=\"lazy\" width=\"700\" height=\"394\" src=\"https:\/\/www.youtube.com\/embed\/hgqMRC1zaO8?start=10&#038;feature=oembed\" frameborder=\"0\" allow=\"accelerometer; autoplay; encrypted-media; gyroscope; picture-in-picture\" allowfullscreen><\/iframe>\n\t<h1>\u00a0<\/h1>\n<p>\u00a0<\/p>\n\t\t\t\t<a href=\"http:\/\/bkeli.com\/index.php\/le-secret-pour-btir-des-russites-prennes-3-2\/\" target=\"_blank\" rel=\"noopener\"  itemprop=\"url\">\n\t\t\t\t<img decoding=\"async\" src=\"http:\/\/bkeli.com\/wp-content\/uploads\/2018\/11\/flyer-livre-printoclock-965-x-14675.jpg\" alt=\"flyer livre printoclock 96,5 x 146,75\" itemprop=\"image\" title=\"flyer livre printoclock 96,5 x 146,75\" onerror=\"this.style.display='none'\"  \/>\n\t\t\t\t<\/a>\n\t<h1><strong>Le SECRET : <em>Pour B\u00e2tir <\/em><\/strong><strong>Des R\u00e9ussites P\u00e9rennes<\/strong><\/h1>\n<strong>\u00c7a y est, vous vous lancez dans ce projet de vie qui vous tient tant \u00e0 c\u0153ur! <\/strong><br \/>\nEt un sentiment ambigu vous anime : une volont\u00e9 ferme de faire confiance et de croire dans le meilleur que l&rsquo;avenir vous apportera mais aussi des appr\u00e9hensions et des interrogations qui reviennent un peu comme un hoquet&#8230; \u00a0\u00bb vais-je le mener \u00e0 bout? \u00a0\u00bb \u00ab\u00a0Sera-t-il une r\u00e9ussite?\u00a0\u00bb <br \/>\n\u00a0\u00bb En y r\u00e9fl\u00e9chissant bien, ce projet me met en relation avec moi-m\u00eame mais aussi avec l&rsquo;autre&#8230; avec les autres\u00a0\u00bb\n<p>Ce merveilleux projet semble soudain prendre l\u2019aspect d\u2019une pelote de laine, mais cet ouvrage entre vos mains vous aidera \u00e0 le d\u00e9m\u00ealer et \u00e0 le mener \u00e0 bout !<\/p>\n<strong>A travers ces lignes que vous parcourrez, vous d\u00e9couvrirez :<\/strong><br \/>\n<strong>&#8211; L\u2019impact de notre syst\u00e8me de pens\u00e9e sur tout ce que nous produisons<\/strong><br \/>\n<strong>&#8211; Un principe incontournable pour b\u00e2tir des R\u00e9ussites P\u00e9rennes<\/strong><br \/>\n<strong>&#8211; Des moyens simples et pratiques pour utiliser ce principe efficacement<\/strong>\n<p>\u00a0<\/p>\n\t\t\t\t<a href=\"http:\/\/bkeli.com\/index.php\/le-secret-pour-btir-des-russites-prennes-3-2\/\" target=\"_blank\" rel=\"noopener\"  itemprop=\"url\">\n\t\t\t\t<img decoding=\"async\" src=\"http:\/\/bkeli.com\/wp-content\/uploads\/2018\/11\/flyer-livre-printoclock-965-x-14675.jpg\" alt=\"flyer livre printoclock 96,5 x 146,75\" itemprop=\"image\" title=\"flyer livre printoclock 96,5 x 146,75\" onerror=\"this.style.display='none'\"  \/>\n\t\t\t\t<\/a>\n\t<h1><strong>Le SECRET : <em>Pour B\u00e2tir <\/em><\/strong><strong>Des R\u00e9ussites P\u00e9rennes<\/strong><\/h1>\n<strong>\u00c7a y est, vous vous lancez dans ce projet de vie qui vous tient tant \u00e0 c\u0153ur! <\/strong><br \/>\nEt un sentiment ambigu vous anime : une volont\u00e9 ferme de faire confiance et de croire dans le meilleur que l&rsquo;avenir vous apportera mais aussi des appr\u00e9hensions et des interrogations qui reviennent un peu comme un hoquet&#8230; \u00a0\u00bb vais-je le mener \u00e0 bout? \u00a0\u00bb \u00ab\u00a0Sera-t-il une r\u00e9ussite?\u00a0\u00bb <br \/>\n\u00a0\u00bb En y r\u00e9fl\u00e9chissant bien, ce projet me met en relation avec moi-m\u00eame mais aussi avec l&rsquo;autre&#8230; avec les autres\u00a0\u00bb\n<p>Ce merveilleux projet semble soudain prendre l\u2019aspect d\u2019une pelote de laine, mais cet ouvrage entre vos mains vous aidera \u00e0 le d\u00e9m\u00ealer et \u00e0 le mener \u00e0 bout !<\/p>\n<strong>A travers ces lignes que vous parcourrez, vous d\u00e9couvrirez :<\/strong><br \/>\n<strong>&#8211; L\u2019impact de notre syst\u00e8me de pens\u00e9e sur tout ce que nous produisons<\/strong><br \/>\n<strong>&#8211; Un principe incontournable pour b\u00e2tir des R\u00e9ussites P\u00e9rennes<\/strong><br \/>\n<strong>&#8211; Des moyens simples et pratiques pour utiliser ce principe efficacement<\/strong>\n<p>\u00a0<\/p>\n","protected":false},"excerpt":{"rendered":"<p>Bi SHOWS VOUS PRESENTE B&rsquo;KELI , l&rsquo;activateur de bonne humeur !\u00a0 B&rsquo;KELI , l&rsquo;activateur de bonne humeur !\u00a0 \u00a0 \u00a0 Le SECRET : Pour B\u00e2tir Des R\u00e9ussites P\u00e9rennes \u00c7a y est, vous vous lancez dans ce projet de vie qui vous tient tant \u00e0 c\u0153ur! Et un sentiment ambigu vous anime : une volont\u00e9 ferme&#8230;<\/p>\n","protected":false},"author":2,"featured_media":0,"parent":0,"menu_order":0,"comment_status":"closed","ping_status":"closed","template":"full-width-page.php","meta":{"footnotes":""},"class_list":["post-44","page","type-page","status-publish","hentry"],"_links":{"self":[{"href":"https:\/\/bkeli.com\/index.php\/wp-json\/wp\/v2\/pages\/44","targetHints":{"allow":["GET"]}}],"collection":[{"href":"https:\/\/bkeli.com\/index.php\/wp-json\/wp\/v2\/pages"}],"about":[{"href":"https:\/\/bkeli.com\/index.php\/wp-json\/wp\/v2\/types\/page"}],"author":[{"embeddable":true,"href":"https:\/\/bkeli.com\/index.php\/wp-json\/wp\/v2\/users\/2"}],"replies":[{"embeddable":true,"href":"https:\/\/bkeli.com\/index.php\/wp-json\/wp\/v2\/comments?post=44"}],"version-history":[{"count":18,"href":"https:\/\/bkeli.com\/index.php\/wp-json\/wp\/v2\/pages\/44\/revisions"}],"predecessor-version":[{"id":1778,"href":"https:\/\/bkeli.com\/index.php\/wp-json\/wp\/v2\/pages\/44\/revisions\/1778"}],"wp:attachment":[{"href":"https:\/\/bkeli.com\/index.php\/wp-json\/wp\/v2\/media?parent=44"}],"curies":[{"name":"wp","href":"https:\/\/api.w.org\/{rel}","templated":true}]}}