{"id":41,"date":"2016-05-16T12:18:52","date_gmt":"2016-05-16T12:18:52","guid":{"rendered":"http:\/\/bkeli.com\/?page_id=41"},"modified":"2019-05-10T11:03:35","modified_gmt":"2019-05-10T11:03:35","slug":"b-keli-gospel","status":"publish","type":"page","link":"https:\/\/bkeli.com\/index.php\/b-keli-gospel\/","title":{"rendered":"B KELI GOSPEL"},"content":{"rendered":"\n\t<h1><strong>AMBIANCE GOSPEL<\/strong><\/h1>\n\t<h1>\u00a0<\/h1>\n\t<h1>\u00a0<\/h1>\n\t<h1>\u00a0<\/h1>\n\t<h1>\u00a0<\/h1>\n\t<h1>\u00a0<\/h1>\n\t<h1><\/h1>\n\t<h1><strong>B&rsquo;KELI : l\u2019activateur de bonne humeur !<\/strong><\/h1>\n\t<h2>\u00a0<\/h2>\n<h2><strong>Je d\u00e9couvre les bienfaits du GOSPEL\u00a0sur<\/strong> <strong>mon moral <\/strong><strong>et ma sant\u00e9<\/strong><\/h2>\n<p>Le son de la vid\u00e9o est un extrait du chant \u00ab\u00a0I am not forgotten\u00a0\u00bb d&rsquo;Isra\u00ebl Houghton<\/p>\n\t<iframe loading=\"lazy\" width=\"700\" height=\"394\" src=\"https:\/\/www.youtube.com\/embed\/0bTFj1Pdamk?feature=oembed\" frameborder=\"0\" allowfullscreen><\/iframe>\n\t<h2><\/h2>\n<h2><\/h2>\n<h2><\/h2>\n<h2><\/h2>\n<h2><\/h2>\n<h2><\/h2>\n<h2><\/h2>\n<h2><strong>Je d\u00e9couvre les bienfaits du GOSPEL\u00a0sur<\/strong> <strong>mon moral <\/strong><strong>et ma sant\u00e9<\/strong><\/h2>\n<p>&nbsp;<\/p>\n<p>Le son de la vid\u00e9o est un extrait du chant \u00ab\u00a0I am not forgotten\u00a0\u00bb d&rsquo;Isra\u00ebl Houghton<\/p>\n\t<iframe loading=\"lazy\" width=\"700\" height=\"394\" src=\"https:\/\/www.youtube.com\/embed\/0bTFj1Pdamk?feature=oembed\" frameborder=\"0\" allowfullscreen><\/iframe>\n\t<p><strong>Dans Le journal express du 11\/05\/2015, on apprend que\u00a0 Les paroles humiliantes peuvent d\u00e9truire des neurones chez les enfants\u00a0\u00bb<\/strong><\/p>\n<p><strong><a href=\"http:\/\/www.lexpress.fr\/styles\/enfant\/catherine-gueguen-les-paroles-humiliantes-detruisent-des-neurones-chez-les-enfants_1678176.html\">http:\/\/www.lexpress.fr\/styles\/enfant\/catherine-gueguen-les-paroles-humiliantes-detruisent-des-neurones-chez-les-enfants_1678176.html<\/a><\/strong><\/p>\n<p>\u00a0<\/p>\n<p><strong>La grande majorit\u00e9 des parents ont \u00e9t\u00e9 \u00e9lev\u00e9s <a href=\"http:\/\/www.lexpress.fr\/styles\/enfant\/punition-enfant_1295042.html\">avec des menaces<\/a>, somm\u00e9s d&rsquo;ob\u00e9ir sous la pression du fameux \u00ab\u00a0Je compte jusqu&rsquo;\u00e0 trois: un, deux&#8230;\u00a0\u00bb Alors ils banalisent cette forme de violence, sans imaginer qu&rsquo;elle a des cons\u00e9quences psychologiques mais aussi physiologiques.<\/strong><\/p>\n<p>\u00a0<\/p>\n<p><strong>\u00a0La p\u00e9diatre Catherine Gueguen explique ce que la science a d\u00e9couvert sur le cerveau des enfants\u00a0: \u00ab\u00a0Qu&rsquo;est-ce que tu es maladroit!\u00a0\u00bb, \u00ab\u00a0Tu es infernal!\u00a0\u00bb: ces paroles humiliantes, r\u00e9p\u00e9t\u00e9es, peuvent d\u00e9truire des neurones dans des structures essentielles du cerveau.\u00a0<\/strong><\/p>\n\t<p><strong>La p\u00e9diatre Catherine Gueguen explique \u00a0en quoi les \u00a0travaux des neurosciences sur ces 10 derni\u00e8res ann\u00e9es, valident les principes de l&rsquo;\u00e9ducation bienveillante\u00a0:<\/strong><\/p>\n<p><strong>une relation bienveillante, empathique, encourageante, favorise le bon d\u00e9veloppement de l&rsquo;enfant: Les liens affectifs influencent \u00e0 la fois les capacit\u00e9s de m\u00e9moire, d&rsquo;apprentissage, de r\u00e9flexion, mais aussi les capacit\u00e9s relationnelles, les \u00e9motions, les sentiments. Ils modifient la s\u00e9cr\u00e9tion de mol\u00e9cules c\u00e9r\u00e9brales, le d\u00e9veloppement des neurones. Ils modifient \u00e9galement la r\u00e9gulation du stress, et m\u00eame la facult\u00e9 d&rsquo;agir de certains g\u00e8nes\u2026<\/strong><\/p>\n<p><strong>Catherine Gueguen est m\u00e9decin \u00e0 l&rsquo;Institut hospitalier franco-britannique de Levallois-Perret<\/strong><\/p>\n<p><strong>A l\u2019instar des d\u00e9couvertes du Docteur Catherine Gueguen, nous croyons que le fait de panser les blessures du\u00a0 pass\u00e9 et\u00a0 de renverser les cons\u00e9quences dommageables des paroles humiliantes par des paroles encourageantes fonctionne pour tous\u00a0; petits et grands<\/strong><\/p>\n\t<p><strong>Le gospel est le genre musical qui:<\/strong><\/p>\n<ul>\n<li><strong>ne recense\u00a0 majoritairement que des paroles encourageantes et positives<\/strong><\/li>\n<li><strong>a des rythmiques qui initient soit des sentiments de joie, soit des sentiments\u00a0 d\u2019apaisement et de ressourcement,<\/strong><\/li>\n<\/ul>\n<p><strong>De fa\u00e7on g\u00e9n\u00e9rale, le gospel invite \u00e0 une dynamique constructive.<\/strong><\/p>\n\t<p><strong>Le gospel est le genre musical qui:<\/strong><\/p>\n<ul>\n<li><strong>ne recense\u00a0 majoritairement que des paroles encourageantes et positives<\/strong><\/li>\n<li><strong>a des rythmiques qui initient soit des sentiments de joie, soit des sentiments\u00a0 d\u2019apaisement et de ressourcement,<\/strong><\/li>\n<\/ul>\n<p><strong>De fa\u00e7on g\u00e9n\u00e9rale, le gospel invite \u00e0 une dynamique constructive.<\/strong><\/p>\n\t<h2><strong>B\u2019KELI a donc s\u00e9lectionn\u00e9 des vari\u00e9t\u00e9s de Gospel rien que pour vous <\/strong><\/h2>\n<h2><strong>et vous souhaite de passer des moments agr\u00e9ables\u00a0!<\/strong><\/h2>\n<a href=\"https:\/\/www.youtube.com\/channel\/UCnnvoyiumBgS4j3u45czdhA\" target=\"_blank\">\n    Je m&rsquo;abonne \u00e0 B&rsquo;KELI GOSPEL\n<\/a>\n\t<h2><strong>B\u2019KELI a donc s\u00e9lectionn\u00e9 des vari\u00e9t\u00e9s de Gospel rien que pour vous <\/strong><\/h2>\n<h2><strong>et vous souhaite de passer des moments agr\u00e9ables\u00a0!<\/strong><\/h2>\n<a href=\"https:\/\/www.youtube.com\/channel\/UCnnvoyiumBgS4j3u45czdhA\" target=\"_blank\">\n    Je m&rsquo;abonne \u00e0 B&rsquo;KELI GOSPEL\n<\/a>\n\t<iframe loading=\"lazy\" width=\"700\" height=\"394\" src=\"https:\/\/www.youtube.com\/embed\/Dpa8wkzOgJ0?feature=oembed\" frameborder=\"0\" allow=\"accelerometer; autoplay; encrypted-media; gyroscope; picture-in-picture\" allowfullscreen><\/iframe>\n\t<h2>\u00a0<\/h2>\n<h2><a href=\"https:\/\/www.youtube.com\/channel\/UCnnvoyiumBgS4j3u45czdhA\" target=\"_blank\"><strong>Plus de vid\u00e9os GOSPEL\u00a0\u00bb<\/strong><\/a><\/h2>\n<p>\u00a0<\/p>\n\t<p>\u00a0<\/p>\n<p><strong>Je d\u00e9sire \u00a0proposer <\/strong><a href=\"http:\/\/bkeli.com\/index.php\/contact\/\"><strong>des vid\u00e9os GOSPELS\u00a0\u21d2<\/strong><\/a><\/p>\n\t<h2>\u00a0<\/h2>\n<h2><a href=\"https:\/\/www.youtube.com\/channel\/UCnnvoyiumBgS4j3u45czdhA\" target=\"_blank\"><strong>Plus de vid\u00e9os GOSPEL\u00a0\u00bb<\/strong><\/a><\/h2>\n<p>\u00a0<\/p>\n\t<p>\u00a0<\/p>\n<p><strong>Je d\u00e9sire \u00a0proposer <\/strong><a href=\"http:\/\/bkeli.com\/index.php\/contact\/\"><strong>des vid\u00e9os GOSPELS\u00a0\u21d2<\/strong><\/a><\/p>\n","protected":false},"excerpt":{"rendered":"<p>AMBIANCE GOSPEL \u00a0 \u00a0 \u00a0 \u00a0 \u00a0 B&rsquo;KELI : l\u2019activateur de bonne humeur ! \u00a0 Je d\u00e9couvre les bienfaits du GOSPEL\u00a0sur mon moral et ma sant\u00e9 Le son de la vid\u00e9o est un extrait du chant \u00ab\u00a0I am not forgotten\u00a0\u00bb d&rsquo;Isra\u00ebl Houghton Je d\u00e9couvre les bienfaits du GOSPEL\u00a0sur mon moral et ma sant\u00e9 &nbsp; Le&#8230;<\/p>\n","protected":false},"author":2,"featured_media":0,"parent":0,"menu_order":0,"comment_status":"closed","ping_status":"closed","template":"full-width-page.php","meta":{"footnotes":""},"class_list":["post-41","page","type-page","status-publish","hentry"],"_links":{"self":[{"href":"https:\/\/bkeli.com\/index.php\/wp-json\/wp\/v2\/pages\/41","targetHints":{"allow":["GET"]}}],"collection":[{"href":"https:\/\/bkeli.com\/index.php\/wp-json\/wp\/v2\/pages"}],"about":[{"href":"https:\/\/bkeli.com\/index.php\/wp-json\/wp\/v2\/types\/page"}],"author":[{"embeddable":true,"href":"https:\/\/bkeli.com\/index.php\/wp-json\/wp\/v2\/users\/2"}],"replies":[{"embeddable":true,"href":"https:\/\/bkeli.com\/index.php\/wp-json\/wp\/v2\/comments?post=41"}],"version-history":[{"count":19,"href":"https:\/\/bkeli.com\/index.php\/wp-json\/wp\/v2\/pages\/41\/revisions"}],"predecessor-version":[{"id":1692,"href":"https:\/\/bkeli.com\/index.php\/wp-json\/wp\/v2\/pages\/41\/revisions\/1692"}],"wp:attachment":[{"href":"https:\/\/bkeli.com\/index.php\/wp-json\/wp\/v2\/media?parent=41"}],"curies":[{"name":"wp","href":"https:\/\/api.w.org\/{rel}","templated":true}]}}