{"id":39,"date":"2016-05-16T12:17:29","date_gmt":"2016-05-16T12:17:29","guid":{"rendered":"http:\/\/bkeli.com\/?page_id=39"},"modified":"2019-05-17T11:43:13","modified_gmt":"2019-05-17T11:43:13","slug":"developpement-personnel","status":"publish","type":"page","link":"https:\/\/bkeli.com\/index.php\/developpement-personnel\/","title":{"rendered":"DEVELOPPEMENT  PERSONNEL"},"content":{"rendered":"\n\t<h1><strong>B&rsquo;KELI,<\/strong><\/h1>\n<p><strong>La Plateforme qui r\u00e9v\u00e8le votre Grandeur<\/strong><\/p>\n\t<h1>\u00a0<\/h1>\n\t<h1><strong>B&rsquo;KELI\u00a0: l\u2019activateur de bonne humeur\u00a0!<\/strong><\/h1>\n\t<iframe loading=\"lazy\" width=\"700\" height=\"394\" src=\"https:\/\/www.youtube.com\/embed\/HXtlbzS6tJE?feature=oembed\" frameborder=\"0\" allow=\"accelerometer; autoplay; encrypted-media; gyroscope; picture-in-picture\" allowfullscreen><\/iframe>\n\t<h1><strong>B\u2019<\/strong><strong>KELI, enfin une plateforme qui d\u00e9mystifie la proph\u00e9tie <\/strong><\/h1>\n<h1><strong>et en fait un outil pratique de\u00a0D\u00e9veloppement Personnel<\/strong><\/h1>\n\t<iframe loading=\"lazy\" width=\"700\" height=\"394\" src=\"https:\/\/www.youtube.com\/embed\/HXtlbzS6tJE?feature=oembed\" frameborder=\"0\" allow=\"accelerometer; autoplay; encrypted-media; gyroscope; picture-in-picture\" allowfullscreen><\/iframe>\n\t<h1><strong>B\u2019KELI, enfin une plateforme qui d\u00e9mystifie la proph\u00e9tie <\/strong><\/h1>\n<h1><strong>et en fait un outil pratique de\u00a0D\u00e9veloppement Personnel<\/strong><\/h1>\n\t<p>\u00a0<\/p>\n<p><strong>Les Fondateurs de B\u2019KELI<\/strong><\/p>\n\t<iframe loading=\"lazy\" width=\"700\" height=\"394\" src=\"https:\/\/www.youtube.com\/embed\/Mni1TVB6jhc?feature=oembed\" frameborder=\"0\" allowfullscreen><\/iframe>\n\t<p>\u00a0<\/p>\n<p>\u00a0<\/p>\n<p>\u00a0<\/p>\n<p>\u00a0<\/p>\n<p>\u00a0<\/p>\n<p>\u00a0<\/p>\n<p>\u00a0<\/p>\n<p>\u00a0<\/p>\n<p>\u00a0<\/p>\n<p><strong>Les Fondateurs de B\u2019KELI<\/strong><\/p>\n\t<iframe loading=\"lazy\" width=\"700\" height=\"394\" src=\"https:\/\/www.youtube.com\/embed\/Mni1TVB6jhc?feature=oembed\" frameborder=\"0\" allowfullscreen><\/iframe>\n\t<p><strong>Passionn\u00e9s par le fait de voir les vies humaines restaur\u00e9es, Guillaume et D\u00e9lali APEDO-AMAH ont d\u00e8s 2003 suivi des formations proph\u00e9tiques\u00a0 cl\u00e9s aupr\u00e8s des grands Noms comme ceux de Michel Chevalier Le revivaliste Canadien et Mike Riches, le dirigeant de Sycamore Commission. De 2000 \u00e0 2007, sous la couverture du Pasteur Charly Cleverly, ils ont r\u00e9guli\u00e8rement \u00e9volu\u00e9 aupr\u00e8s de grands proph\u00e8tes comme David Herzog, Stella Larocques, Mahesh Chavda.<\/strong><\/p>\n<p>\u00a0<\/p>\n<p><strong>Ils sont en outre respectivement\u00a0\u00a0\u00a0 d\u00e9tenteurs d\u2019un MBA \u00e0 l\u2019ESSEC et \u00e0 Sciences Po<\/strong><\/p>\n<p>\u00a0<\/p>\n<p><strong>Depuis l\u2019ann\u00e9e 2000, Guillaume et D\u00e9lali servent\u00a0 \u00a0b\u00e9n\u00e9volement dans l\u2019accompagnement \u00e0 la restauration des vies par la proph\u00e9tie au sein des congr\u00e9gations chr\u00e9tiennes.<\/strong><\/p>\n<p>\u00a0<\/p>\n<p><strong>A travers des techniques comme celles de l\u2019\u00e9coute positive, la proph\u00e9tie encourageante et le soaking\u00a0: la relaxation musicale, ils ont \u00e9t\u00e9 \u00e9merveill\u00e9s de voir des vies durablement transform\u00e9es\u00a0!<\/strong><\/p>\n<p><strong>Aujourd\u2019hui, ils mettent \u00e0 votre disposition leurs \u00a0\u00a0\u00a0comp\u00e9tences \u00e9prouv\u00e9es au cours des 16 derni\u00e8res \u00a0\u00a0ann\u00e9es<\/strong><\/p>\n<p>\u00a0<\/p>\n<p><strong>B\u2019KELI, pour vous servir\u00a0!<\/strong><\/p>\n\t<p><strong>Passionn\u00e9s par le fait de voir les vies humaines restaur\u00e9es, Guillaume et D\u00e9lali APEDO-AMAH ont d\u00e8s 2003 suivi des formations proph\u00e9tiques\u00a0 cl\u00e9s aupr\u00e8s des grands Noms comme ceux de Michel Chevalier Le revivaliste Canadien et Mike Riches, le dirigeant de Sycamore Commission. De 2000 \u00e0 2007, sous la couverture du Pasteur Charly Cleverly, ils ont r\u00e9guli\u00e8rement \u00e9volu\u00e9 aupr\u00e8s de grands proph\u00e8tes comme David Herzog, Stella Larocques, Mahesh Chavda.<\/strong><\/p>\n<p>\u00a0<\/p>\n<p><strong>Ils sont en outre respectivement\u00a0\u00a0\u00a0 d\u00e9tenteurs d\u2019un MBA \u00e0 l\u2019ESSEC et \u00e0 Sciences Po<\/strong><\/p>\n\t<p><strong>Depuis l\u2019ann\u00e9e 2000, Guillaume et D\u00e9lali servent\u00a0 \u00a0b\u00e9n\u00e9volement dans l\u2019accompagnement \u00e0 la restauration des vies par la proph\u00e9tie au sein des congr\u00e9gations chr\u00e9tiennes.<\/strong><\/p>\n<p><strong>A travers des techniques comme celles de l\u2019\u00e9coute positive, la proph\u00e9tie encourageante et le soaking\u00a0: la relaxation musicale, ils ont \u00e9t\u00e9 \u00e9merveill\u00e9s de voir des vies durablement transform\u00e9es\u00a0!<\/strong><\/p>\n<p><strong>Aujourd\u2019hui, ils mettent \u00e0 votre disposition leurs \u00a0\u00a0\u00a0comp\u00e9tences \u00e9prouv\u00e9es au cours des 16 derni\u00e8res \u00a0\u00a0ann\u00e9es<\/strong><\/p>\n<p><strong>B\u2019KELI, pour vous servir\u00a0!<\/strong><\/p>\n\t<h1><strong>B\u2019KELI ,<\/strong><strong>Une m\u00e9thode r\u00e9volutionnaire, innovante et \u00e9prouv\u00e9e,<\/strong><\/h1>\n<p><strong>Des sp\u00e9cialistes attentifs\u2026 des vies transform\u00e9es\u00a0!<\/strong><\/p>\n\t<h1><strong>B\u2019KELI ,<\/strong><strong>Une m\u00e9thode r\u00e9volutionnaire, innovante et \u00e9prouv\u00e9e,<\/strong><\/h1>\n<p><strong>Des sp\u00e9cialistes attentifs\u2026 des vies transform\u00e9es\u00a0!<\/strong><\/p>\n\t<h1><strong>Bi lifestyle:<\/strong><\/h1>\n<p><strong>Ils t\u00e9moignent du travail de Bi<\/strong>\u00a0<\/p>\n<p><em>Pour pr\u00e9server leur intimit\u00e9, plusieurs de nos clients conservent l\u2019anonymat<\/em><\/p>\n\t<iframe loading=\"lazy\" width=\"700\" height=\"394\" src=\"https:\/\/www.youtube.com\/embed\/4Z1c4_qkwWQ?feature=oembed\" frameborder=\"0\" allow=\"accelerometer; autoplay; encrypted-media; gyroscope; picture-in-picture\" allowfullscreen><\/iframe>\n\t\t\t\t<img decoding=\"async\" src=\"http:\/\/bkeli.com\/wp-content\/uploads\/2016\/05\/man-1241951_1920.jpg\" alt=\"man-1241951_1920\" itemprop=\"image\" title=\"man-1241951_1920\" onerror=\"this.style.display='none'\"  \/>\n\t<h1><strong>Victoire sur le suicide<\/strong>,<\/h1>\n<h2>La paix int\u00e9rieure retrouv\u00e9e<\/h2>\n<p>\u00a0<\/p>\n<p><strong>Nous n\u2019\u00e9tions mari\u00e9s que depuis 2 ans que j\u2019exp\u00e9rimentais d\u00e9j\u00e0 des probl\u00e8mes dans mon jeune couple ; proc\u00e9dure de divorce, d\u00e9pouillement financier et s\u00e9paration avec mon fils de 15 mois\u2026 autant de situations initi\u00e9es par mon \u00e9pouse.<\/strong><br \/><strong> J\u2019ai perdu toute confiance en moi et en Dieu. J\u2019\u00e9tais d\u00e9sesp\u00e9r\u00e9 au point d\u2019avoir des id\u00e9es noires, je me sentais litt\u00e9ralement pouss\u00e9 au suicide. <\/strong><br \/><strong>Dieu n\u2019abandonnant pas ses enfants, c\u2019est \u00e0 ce moment-l\u00e0 que j\u2019ai rencontr\u00e9 B\u2019KELI qui a su me prendre en charge.<\/strong><br \/><strong> Gr\u00e2ce au travail des \u00e9quipes de B\u2019KELI ; les s\u00e9ances de d\u00e9livrance, les conseils et l\u2019accompagnement ,<\/strong><br \/><strong>Je peux dire que j\u2019ai v\u00e9cu un double impact :<\/strong><\/p>\n<p><strong>&#8211; sur le plan personnel ; une transformation radicale de ma vie s\u2019est op\u00e9r\u00e9e ; mes nuits sont paisibles, j\u2019ai retrouv\u00e9 mon assurance, ma paix int\u00e9rieure et je suis plus confiant quant aux lendemains meilleurs,<\/strong><br \/><strong>&#8211; sur le plan relationnel ; mes relations sont plus sereines avec mon \u00e9pouse malgr\u00e9 la proc\u00e9dure de divorce qu\u2019elle a initi\u00e9e et qui est toujours en cours\u2026<\/strong><\/p>\n\t\t\t\t<img decoding=\"async\" src=\"http:\/\/bkeli.com\/wp-content\/uploads\/2016\/05\/man-1241951_1920.jpg\" alt=\"man-1241951_1920\" itemprop=\"image\" title=\"man-1241951_1920\" onerror=\"this.style.display='none'\"  \/>\n\t<h1><strong>Victoire sur le suicide<\/strong>,<\/h1>\n<h2>La paix int\u00e9rieure retrouv\u00e9e<\/h2>\n<p>\u00a0<\/p>\n<p><strong>Nous n\u2019\u00e9tions mari\u00e9s que depuis 2 ans que j\u2019exp\u00e9rimentais d\u00e9j\u00e0 des probl\u00e8mes dans mon jeune couple ; proc\u00e9dure de divorce, d\u00e9pouillement financier et s\u00e9paration avec mon fils de 15 mois\u2026 autant de situations initi\u00e9es par mon \u00e9pouse.<\/strong><br \/><strong> J\u2019ai perdu toute confiance en moi et en Dieu. J\u2019\u00e9tais d\u00e9sesp\u00e9r\u00e9 au point d\u2019avoir des id\u00e9es noires, je me sentais litt\u00e9ralement pouss\u00e9 au suicide. <\/strong><br \/><strong>Dieu n\u2019abandonnant pas ses enfants, c\u2019est \u00e0 ce moment-l\u00e0 que j\u2019ai rencontr\u00e9 B\u2019KELI qui a su me prendre en charge.<\/strong><br \/><strong> Gr\u00e2ce au travail des \u00e9quipes de B\u2019KELI ; les s\u00e9ances de d\u00e9livrance, les conseils et l\u2019accompagnement ,<\/strong><br \/><strong>Je peux dire que j\u2019ai v\u00e9cu un double impact :<\/strong><\/p>\n<p><strong>&#8211; sur le plan personnel ; une transformation radicale de ma vie s\u2019est op\u00e9r\u00e9e ; mes nuits sont paisibles, j\u2019ai retrouv\u00e9 mon assurance, ma paix int\u00e9rieure et je suis plus confiant quant aux lendemains meilleurs,<\/strong><br \/><strong>&#8211; sur le plan relationnel ; mes relations sont plus sereines avec mon \u00e9pouse malgr\u00e9 la proc\u00e9dure de divorce qu\u2019elle a initi\u00e9e et qui est toujours en cours\u2026<\/strong><\/p>\n\t\t\t\t<a href=\"https:\/\/www.facebook.com\/lActivateurdeBonneHumeur\" target=\"_blank\" rel=\"noopener\"  itemprop=\"url\">\n\t\t\t\t<img decoding=\"async\" src=\"http:\/\/bkeli.com\/wp-content\/uploads\/2016\/05\/Drawing-150x150.png\" alt=\"Drawing\" itemprop=\"image\" title=\"Drawing\" onerror=\"this.style.display='none'\"  \/>\n\t\t\t\t<\/a>\n\t<h2><a href=\"http:\/\/bkeli.com\/index.php\/temoignages\/\"><strong>Plus de T\u00e9moignages<\/strong><\/a><\/h2>\n\t<h3><strong>Je contacte<\/strong><\/h3>\n<h3><a href=\"http:\/\/bkeli.com\/index.php\/shop\/\"><strong> B&rsquo;KELI<\/strong><\/a><\/h3>\n\t\t\t\t<a href=\"https:\/\/www.youtube.com\/channel\/UCT19-iP8wMImtvSNmqzKWiA\" target=\"_blank\" rel=\"noopener\"  itemprop=\"url\">\n\t\t\t\t<img decoding=\"async\" src=\"http:\/\/bkeli.com\/wp-content\/uploads\/2016\/05\/Drawing-1-150x150.png\" alt=\"Drawing (1)\" itemprop=\"image\" title=\"Drawing (1)\" onerror=\"this.style.display='none'\"  \/>\n\t\t\t\t<\/a>\n","protected":false},"excerpt":{"rendered":"<p>B&rsquo;KELI, La Plateforme qui r\u00e9v\u00e8le votre Grandeur \u00a0 B&rsquo;KELI\u00a0: l\u2019activateur de bonne humeur\u00a0! B\u2019KELI, enfin une plateforme qui d\u00e9mystifie la proph\u00e9tie et en fait un outil pratique de\u00a0D\u00e9veloppement Personnel B\u2019KELI, enfin une plateforme qui d\u00e9mystifie la proph\u00e9tie et en fait un outil pratique de\u00a0D\u00e9veloppement Personnel \u00a0 Les Fondateurs de B\u2019KELI \u00a0 \u00a0 \u00a0 \u00a0 \u00a0&#8230;<\/p>\n","protected":false},"author":2,"featured_media":0,"parent":0,"menu_order":0,"comment_status":"closed","ping_status":"closed","template":"full-width-page.php","meta":{"footnotes":""},"class_list":["post-39","page","type-page","status-publish","hentry"],"_links":{"self":[{"href":"https:\/\/bkeli.com\/index.php\/wp-json\/wp\/v2\/pages\/39","targetHints":{"allow":["GET"]}}],"collection":[{"href":"https:\/\/bkeli.com\/index.php\/wp-json\/wp\/v2\/pages"}],"about":[{"href":"https:\/\/bkeli.com\/index.php\/wp-json\/wp\/v2\/types\/page"}],"author":[{"embeddable":true,"href":"https:\/\/bkeli.com\/index.php\/wp-json\/wp\/v2\/users\/2"}],"replies":[{"embeddable":true,"href":"https:\/\/bkeli.com\/index.php\/wp-json\/wp\/v2\/comments?post=39"}],"version-history":[{"count":20,"href":"https:\/\/bkeli.com\/index.php\/wp-json\/wp\/v2\/pages\/39\/revisions"}],"predecessor-version":[{"id":1732,"href":"https:\/\/bkeli.com\/index.php\/wp-json\/wp\/v2\/pages\/39\/revisions\/1732"}],"wp:attachment":[{"href":"https:\/\/bkeli.com\/index.php\/wp-json\/wp\/v2\/media?parent=39"}],"curies":[{"name":"wp","href":"https:\/\/api.w.org\/{rel}","templated":true}]}}