{"id":37,"date":"2016-05-16T12:16:40","date_gmt":"2016-05-16T12:16:40","guid":{"rendered":"http:\/\/bkeli.com\/?page_id=37"},"modified":"2019-07-24T09:00:04","modified_gmt":"2019-07-24T09:00:04","slug":"bienvenue","status":"publish","type":"page","link":"https:\/\/bkeli.com\/","title":{"rendered":"BIENVENUE"},"content":{"rendered":"\n\t\n<h2>B&rsquo;KELI : l\u2019activateur de bonne humeur !<\/h2>\n\t<p><b>Vaincre\u00a0 Vos Phases Cycliques d\u2019Echec<\/b><\/p>\n<p><b>D\u00e9couvrez cette m\u00e9thode r\u00e9volutionnaire<\/b><\/p>\n<p><b> pour vaincre d\u00e9finitivement vos phases cycliques d\u2019\u00e9chec <\/b><\/p>\n<p><b>et vos frustrations r\u00e9currentes\u00a0!<\/b><\/p>\n<p>&nbsp;<\/p>\n\t\t\t\t<a href=\"http:\/\/bkeli.com\/index.php\/vaincre-vos-phases-cycliques-dechec\/\" target=\"_self\" itemprop=\"url\" rel=\"noopener noreferrer\">\n\t\t\t\t<img decoding=\"async\" src=\"http:\/\/bkeli.com\/wp-content\/uploads\/2016\/11\/Image-page-de-capture-1920-pixel-1.png\" alt=\"image-page-de-capture-1920-pixel\" itemprop=\"image\" title=\"image-page-de-capture-1920-pixel\" onerror=\"this.style.display='none'\"  \/>\n\t\t\t\t<\/a>\n\t<p><b>Au bout de 2 RDV avec les experts B\u2019KELI, \u00e0 votre \u00e9coute, vous saurez identifier les points de blocages<\/b><\/p>\n<p><b> auxquels vous \u00eates confront\u00e9s et les pistes de solutions \u00e0 votre disposition<\/b><\/p>\n\t<p><b>Vaincre\u00a0 Vos Phases Cycliques d\u2019Echec<\/b><\/p>\n<p><b>D\u00e9couvrez cette m\u00e9thode r\u00e9volutionnaire<\/b><\/p>\n<p><b> pour vaincre d\u00e9finitivement vos phases cycliques d\u2019\u00e9chec <\/b><\/p>\n<p><b>et vos frustrations r\u00e9currentes\u00a0!<\/b><\/p>\n<p>&nbsp;<\/p>\n\t\t\t\t<a href=\"http:\/\/bkeli.com\/index.php\/vaincre-vos-phases-cycliques-dechec\/\" target=\"_self\" itemprop=\"url\" rel=\"noopener noreferrer\">\n\t\t\t\t<img loading=\"lazy\" decoding=\"async\" src=\"https:\/\/bkeli.com\/wp-content\/uploads\/2016\/11\/Image-page-de-capture-1920-pixel-1.png\" alt=\"image-page-de-capture-1920-pixel\" itemprop=\"image\" height=\"1138\" width=\"1920\" title=\"image-page-de-capture-1920-pixel\" onerror=\"this.style.display='none'\"  \/>\n\t\t\t\t<\/a>\n\t<p><b>Au bout de 2 RDV avec les experts B\u2019KELI, \u00e0 votre \u00e9coute, vous saurez identifier les points de blocages<\/b><\/p>\n<p><b> auxquels vous \u00eates confront\u00e9s et les pistes de solutions \u00e0 votre disposition<\/b><\/p>\n\t\t\t\t<a href=\"http:\/\/bkeli.com\/index.php\/vaincre-vos-phases-cycliques-dechec\/\" target=\"_self\" itemprop=\"url\" rel=\"noopener noreferrer\">\n\t\t\t\t<img decoding=\"async\" src=\"http:\/\/bkeli.com\/wp-content\/uploads\/2016\/11\/Image-page-de-capture-1920-pixel-1.png\" alt=\"image-page-de-capture-1920-pixel\" itemprop=\"image\" title=\"image-page-de-capture-1920-pixel\" onerror=\"this.style.display='none'\"  \/>\n\t\t\t\t<\/a>\n\t<p>&nbsp;<\/p>\n<p><b>Vaincre\u00a0 Vos Phases Cycliques d\u2019Echec<\/b><\/p>\n<p>xxxxxxxxxxxxxxxxxxxxx<\/p>\n<p><b>D\u00e9couvrez cette m\u00e9thode r\u00e9volutionnaire<\/b><\/p>\n<p><b> pour vaincre d\u00e9finitivement vos phases cycliques d\u2019\u00e9chec et vos frustrations r\u00e9currentes\u00a0!<\/b><\/p>\n<p>&nbsp;<\/p>\n\t<p><b>Au bout de 2 RDV avec les experts B\u2019KELI, \u00e0 votre \u00e9coute, vous saurez identifier les points de blocages<\/b><\/p>\n<p><b> auxquels vous \u00eates confront\u00e9s et les pistes de solutions \u00e0 votre disposition<\/b><\/p>\n\t\t\t\t<a href=\"http:\/\/bkeli.com\/index.php\/harcelement\" target=\"_blank\" rel=\"noopener noreferrer\"  itemprop=\"url\">\n\t\t\t\t<img loading=\"lazy\" decoding=\"async\" src=\"https:\/\/bkeli.com\/wp-content\/uploads\/2019\/06\/EMISSION-DU-20-JUIN.png\" alt=\"EMISSION DU 20 JUIN\" itemprop=\"image\" height=\"1125\" width=\"1500\" title=\"EMISSION DU 20 JUIN\" onerror=\"this.style.display='none'\"  \/>\n\t\t\t\t<\/a>\n<h2>TOP EVENEMENTS <\/h2>\n<h4>A\u00a0LA UNE<\/h4>\n\t\t\t\t<a href=\"http:\/\/bkeli.com\/index.php\/le-secret-pour-btir-des-russites-prennes-3-2\/\" target=\"_blank\" rel=\"noopener noreferrer\"  itemprop=\"url\">\n\t\t\t\t<img decoding=\"async\" src=\"http:\/\/bkeli.com\/wp-content\/uploads\/2019\/06\/Photos-Promo-du-livre-Le-Secret-.png\" alt=\"Photos Promo du livre Le Secret\" itemprop=\"image\" title=\"Photos Promo du livre Le Secret\" onerror=\"this.style.display='none'\"  \/>\n\t\t\t\t<\/a>\n\t\t\t\t<a href=\"http:\/\/bkeli.com\/index.php\/le-secret-pour-btir-des-russites-prennes-3-2\/\" target=\"_blank\" rel=\"noopener noreferrer\"  itemprop=\"url\">\n\t\t\t\t<img decoding=\"async\" src=\"\" alt=\"\" itemprop=\"image\" onerror=\"this.style.display='none'\"  \/>\n\t\t\t\t<\/a>\n\t<iframe loading=\"lazy\" width=\"700\" height=\"394\" src=\"https:\/\/www.youtube.com\/embed\/zKWR8lnWXTM?feature=oembed\" frameborder=\"0\" allow=\"accelerometer; autoplay; encrypted-media; gyroscope; picture-in-picture\" allowfullscreen><\/iframe>\n\t<iframe loading=\"lazy\" width=\"700\" height=\"394\" src=\"https:\/\/www.youtube.com\/embed\/1L6pussj_b8?feature=oembed\" frameborder=\"0\" allow=\"accelerometer; autoplay; encrypted-media; gyroscope; picture-in-picture\" allowfullscreen><\/iframe>\n\t<iframe loading=\"lazy\" width=\"700\" height=\"394\" src=\"https:\/\/www.youtube.com\/embed\/vP9tXuYdQdU?feature=oembed\" frameborder=\"0\" allow=\"accelerometer; autoplay; encrypted-media; gyroscope; picture-in-picture\" allowfullscreen><\/iframe>\n\t<iframe loading=\"lazy\" width=\"700\" height=\"394\" src=\"https:\/\/www.youtube.com\/embed\/Hv3Ba8JQfjY?feature=oembed\" frameborder=\"0\" allow=\"accelerometer; autoplay; encrypted-media; gyroscope; picture-in-picture\" allowfullscreen><\/iframe>\n\t<iframe loading=\"lazy\" width=\"700\" height=\"394\" src=\"https:\/\/www.youtube.com\/embed\/zKWR8lnWXTM?feature=oembed\" frameborder=\"0\" allow=\"accelerometer; autoplay; encrypted-media; gyroscope; picture-in-picture\" allowfullscreen><\/iframe>\n\t<iframe loading=\"lazy\" width=\"700\" height=\"394\" src=\"https:\/\/www.youtube.com\/embed\/1L6pussj_b8?feature=oembed\" frameborder=\"0\" allow=\"accelerometer; autoplay; encrypted-media; gyroscope; picture-in-picture\" allowfullscreen><\/iframe>\n\t<iframe loading=\"lazy\" width=\"700\" height=\"394\" src=\"https:\/\/www.youtube.com\/embed\/vP9tXuYdQdU?feature=oembed\" frameborder=\"0\" allow=\"accelerometer; autoplay; encrypted-media; gyroscope; picture-in-picture\" allowfullscreen><\/iframe>\n\t<iframe loading=\"lazy\" width=\"700\" height=\"394\" src=\"https:\/\/www.youtube.com\/embed\/Hv3Ba8JQfjY?feature=oembed\" frameborder=\"0\" allow=\"accelerometer; autoplay; encrypted-media; gyroscope; picture-in-picture\" allowfullscreen><\/iframe>\n\t\t\t\t<a href=\"https:\/\/www.facebook.com\/lActivateurdeBonneHumeur\" target=\"_blank\" rel=\"noopener noreferrer\"  itemprop=\"url\">\n\t\t\t\t<img decoding=\"async\" src=\"http:\/\/bkeli.com\/wp-content\/uploads\/2016\/05\/Drawing-150x150.png\" alt=\"Drawing\" itemprop=\"image\" title=\"Drawing\" onerror=\"this.style.display='none'\"  \/>\n\t\t\t\t<\/a>\n\t\t\t\t<img decoding=\"async\" src=\"https:\/\/bkeli.com\/wp-content\/plugins\/beaver-builder-lite-version\/img\/pixel.png\" alt=\"\" itemprop=\"image\" onerror=\"this.style.display='none'\"  \/>\n\t\t\t\t<img decoding=\"async\" src=\"http:\/\/bkeli.com\/wp-content\/uploads\/2016\/05\/comodo_secure_seal_113x59_transp.png\" alt=\"&lt;script language=&quot;JavaScript&quot; type=&quot;text\/javascript&quot;&gt;\nTrustLogo(&quot;http:\/\/bkeli.com\/wp-content\/uploads\/2016\/05\/comodo_secure_seal_113x59_transp.png&quot;, &quot;CL1&quot;, &quot;none&quot;);\n&lt;\/script&gt;\n&lt;a  href=&quot;https:\/\/www.positivessl.com\/&quot; id=&quot;comodoTL&quot;&gt;Positive SSL&lt;\/a&gt;\" itemprop=\"image\" title=\"comodo_secure_seal_113x59_transp\" onerror=\"this.style.display='none'\"  \/>\n\t\t\t\t<a href=\"https:\/\/www.youtube.com\/channel\/UCT19-iP8wMImtvSNmqzKWiA\" target=\"_blank\" rel=\"noopener noreferrer\"  itemprop=\"url\">\n\t\t\t\t<img decoding=\"async\" src=\"http:\/\/bkeli.com\/wp-content\/uploads\/2016\/05\/Drawing-1-150x150.png\" alt=\"Drawing (1)\" itemprop=\"image\" title=\"Drawing (1)\" onerror=\"this.style.display='none'\"  \/>\n\t\t\t\t<\/a>\n","protected":false},"excerpt":{"rendered":"<p>B&rsquo;KELI : l\u2019activateur de bonne humeur ! Vaincre\u00a0 Vos Phases Cycliques d\u2019Echec D\u00e9couvrez cette m\u00e9thode r\u00e9volutionnaire pour vaincre d\u00e9finitivement vos phases cycliques d\u2019\u00e9chec et vos frustrations r\u00e9currentes\u00a0! &nbsp; Au bout de 2 RDV avec les experts B\u2019KELI, \u00e0 votre \u00e9coute, vous saurez identifier les points de blocages auxquels vous \u00eates confront\u00e9s et les pistes de&#8230;<\/p>\n","protected":false},"author":2,"featured_media":0,"parent":0,"menu_order":0,"comment_status":"closed","ping_status":"closed","template":"full-width-page.php","meta":{"footnotes":""},"class_list":["post-37","page","type-page","status-publish","hentry"],"_links":{"self":[{"href":"https:\/\/bkeli.com\/index.php\/wp-json\/wp\/v2\/pages\/37","targetHints":{"allow":["GET"]}}],"collection":[{"href":"https:\/\/bkeli.com\/index.php\/wp-json\/wp\/v2\/pages"}],"about":[{"href":"https:\/\/bkeli.com\/index.php\/wp-json\/wp\/v2\/types\/page"}],"author":[{"embeddable":true,"href":"https:\/\/bkeli.com\/index.php\/wp-json\/wp\/v2\/users\/2"}],"replies":[{"embeddable":true,"href":"https:\/\/bkeli.com\/index.php\/wp-json\/wp\/v2\/comments?post=37"}],"version-history":[{"count":46,"href":"https:\/\/bkeli.com\/index.php\/wp-json\/wp\/v2\/pages\/37\/revisions"}],"predecessor-version":[{"id":1816,"href":"https:\/\/bkeli.com\/index.php\/wp-json\/wp\/v2\/pages\/37\/revisions\/1816"}],"wp:attachment":[{"href":"https:\/\/bkeli.com\/index.php\/wp-json\/wp\/v2\/media?parent=37"}],"curies":[{"name":"wp","href":"https:\/\/api.w.org\/{rel}","templated":true}]}}