{"id":1244,"date":"2016-12-15T10:42:48","date_gmt":"2016-12-15T10:42:48","guid":{"rendered":"https:\/\/bkeli.com\/index.php\/dup-le-secret-pour-batir-des-reussites-perennes-page-de-telechargement-suite-achat-du-livre\/"},"modified":"2021-01-13T10:41:23","modified_gmt":"2021-01-13T10:41:23","slug":"le-secret-pour-btir-des-russites-prennes-3-2","status":"publish","type":"page","link":"https:\/\/bkeli.com\/index.php\/le-secret-pour-btir-des-russites-prennes-3-2\/","title":{"rendered":"Page de Vente de \u00a0\u00bb Le Secret pour b\u00e2tir des r\u00e9ussites p\u00e9rennes\u00a0\u00bb"},"content":{"rendered":"","protected":false},"excerpt":{"rendered":"","protected":false},"author":2,"featured_media":0,"parent":0,"menu_order":0,"comment_status":"open","ping_status":"closed","template":"","meta":{"footnotes":""},"class_list":["post-1244","page","type-page","status-publish","hentry"],"_links":{"self":[{"href":"https:\/\/bkeli.com\/index.php\/wp-json\/wp\/v2\/pages\/1244","targetHints":{"allow":["GET"]}}],"collection":[{"href":"https:\/\/bkeli.com\/index.php\/wp-json\/wp\/v2\/pages"}],"about":[{"href":"https:\/\/bkeli.com\/index.php\/wp-json\/wp\/v2\/types\/page"}],"author":[{"embeddable":true,"href":"https:\/\/bkeli.com\/index.php\/wp-json\/wp\/v2\/users\/2"}],"replies":[{"embeddable":true,"href":"https:\/\/bkeli.com\/index.php\/wp-json\/wp\/v2\/comments?post=1244"}],"version-history":[{"count":17,"href":"https:\/\/bkeli.com\/index.php\/wp-json\/wp\/v2\/pages\/1244\/revisions"}],"predecessor-version":[{"id":1942,"href":"https:\/\/bkeli.com\/index.php\/wp-json\/wp\/v2\/pages\/1244\/revisions\/1942"}],"wp:attachment":[{"href":"https:\/\/bkeli.com\/index.php\/wp-json\/wp\/v2\/media?parent=1244"}],"curies":[{"name":"wp","href":"https:\/\/api.w.org\/{rel}","templated":true}]}}